{"id":164,"date":"2026-02-02T20:08:19","date_gmt":"2026-02-02T19:08:19","guid":{"rendered":"https:\/\/fatipli.com\/?page_id=164"},"modified":"2026-02-06T11:30:06","modified_gmt":"2026-02-06T10:30:06","slug":"agyracs-strong","status":"publish","type":"page","link":"https:\/\/fatipli.com\/index.php\/agyracs-strong\/","title":{"rendered":"\u00c1gyr\u00e1cs strong"},"content":{"rendered":"\t\t<div data-elementor-type=\"wp-page\" data-elementor-id=\"164\" class=\"elementor elementor-164\" data-elementor-post-type=\"page\">\n\t\t\t\t<div class=\"elementor-element elementor-element-c156c07 e-flex e-con-boxed e-con e-parent\" data-id=\"c156c07\" data-element_type=\"container\">\n\t\t\t\t\t<div class=\"e-con-inner\">\n\t\t\t\t<div class=\"elementor-element elementor-element-2f0ddc9 elementor-widget elementor-widget-heading\" data-id=\"2f0ddc9\" data-element_type=\"widget\" data-widget_type=\"heading.default\">\n\t\t\t\t\t<h2 class=\"elementor-heading-title elementor-size-default\">Fl\u00f3ra Strong \u00e1gyr\u00e1cs csal\u00e1d<\/h2>\t\t\t\t<\/div>\n\t\t\t\t\t<\/div>\n\t\t\t\t<\/div>\n\t\t<div class=\"elementor-element elementor-element-8b33e6e e-flex e-con-boxed e-con e-parent\" data-id=\"8b33e6e\" data-element_type=\"container\">\n\t\t\t\t\t<div class=\"e-con-inner\">\n\t\t\t\t<div class=\"elementor-element elementor-element-3ab65a8 elementor-widget elementor-widget-text-editor\" data-id=\"3ab65a8\" data-element_type=\"widget\" data-widget_type=\"text-editor.default\">\n\t\t\t\t\t\t\t\t\t<p align=\"justify\"><span style=\"font-family: Calibri;\">A\u00a0<b>STRONG \u00e1gyr\u00e1cs<\/b>unk<b>\u00a0<\/b>egy robosztus fixen \u00f6ssze\u00e9p\u00edtett, gyakorlatilag mozdulatlan l\u00e9cek (17 db) sorozat\u00e1b\u00f3l \u00e1ll. A keretszerkezet 2,5*5,5 cm-es ny\u00edrfa r\u00e9tegelt lemezb\u0151l van. A\u00a0<b>17 darab lamella<\/b>\u00a0<b>18 mm vastag, 53 mm sz\u00e9les nagy teherb\u00edr\u00e1s\u00fa,<\/b>\u00a0ny\u00edrfa r\u00e9tegelt lemez. Ez a fajta \u00e1gy\u00e1cs szinte\u00a0<b>b\u00e1rmilyen t\u00edpus\u00fa matrachoz<\/b>\u00a0\u00e9s b\u00e1rmilyen eg\u00e9szs\u00e9ges vagy beteg (gerincprobl\u00e9m\u00e1kkal k\u00fcszk\u00f6d\u0151) emberek k\u00e9nyelmes alv\u00e1s\u00e1ra, pihen\u00e9sekre az egyik legt\u00f6k\u00e9letesebb megold\u00e1s. Vastag alkatr\u00e9szeinek k\u00f6sz\u00f6nhet\u0151en nagy teherb\u00edr\u00e1s\u00fa \u00e9s\u00a0<b>komoly ig\u00e9nybev\u00e9teleknek is ellen\u00e1ll,<\/b>\u00a0biztons\u00e1gos term\u00e9k.\u00a0<b>Gy\u00e1rt\u00e1sa b\u00e1rmilyen egyedi m\u00e9retben, teherb\u00edr\u00e1sban vagy egy\u00e9b speci\u00e1lis ig\u00e9nyeknek is megfelel\u0151en megoldhat\u00f3.<\/b><\/span><\/p><p align=\"justify\"><b><span style=\"font-family: Calibri;\">\u00c1gyr\u00e1<\/span><span style=\"font-family: Calibri; font-size: medium;\">csaink megtervez\u00e9se, megalkot\u00e1sa \u00e9s megval\u00f3s\u00edt\u00e1sa sor\u00e1n mindig a min\u0151s\u00e9get, a k\u00e9nyelm\u00e9t\u00a0 \u00e9s v\u00e1s\u00e1rl\u00f3ink ig\u00e9nyeinek kiszolg\u00e1l\u00e1s\u00e1t tartjuk a legfontosabb szempontnak.<\/span><\/b><\/p><p align=\"justify\"><span style=\"font-family: Calibri; font-size: medium;\">Az orsz\u00e1gban egyed\u00fcl\u00e1ll\u00f3an, a garanci\u00e1lis id\u0151n t\u00fali meghib\u00e1sod\u00e1s eset\u00e9n is seg\u00edts\u00e9g\u00e9re vagyunk. Alkatr\u00e9szp\u00f3tl\u00e1s vagy alkatr\u00e9szcsere lehet\u0151s\u00e9gekkel \u00e1llunk rendelkez\u00e9s\u00e9re, hogy a term\u00e9k \u00e1ltal ny\u00fajtott k\u00e9nyelmet korl\u00e1tlan ideig \u00e9lvezhesse.\u00a0<\/span><span style=\"color: #00ccff; font-family: Calibri;\"><span style=\"color: #808080;\"><a href=\"https:\/\/web.archive.org\/web\/20240420015906\/http:\/\/agyracs.com\/agyracs_kiegeszitok.html\" target=\"_self\"><span style=\"color: #000000;\">Kieg\u00e9sz\u00edt\u0151k megtekint\u00e9se &gt;&gt;<\/span><\/a><\/span><\/span><\/p>\t\t\t\t\t\t\t\t<\/div>\n\t\t\t\t<div class=\"elementor-element elementor-element-7ed3deb elementor-widget elementor-widget-image-gallery\" data-id=\"7ed3deb\" data-element_type=\"widget\" data-widget_type=\"image-gallery.default\">\n\t\t\t\t\t\t\t<div class=\"elementor-image-gallery\">\n\t\t\t<div id='gallery-1' class='gallery galleryid-164 gallery-columns-3 gallery-size-full'><figure class='gallery-item'>\n\t\t\t<div class='gallery-icon landscape'>\n\t\t\t\t<a data-elementor-open-lightbox=\"yes\" data-elementor-lightbox-slideshow=\"7ed3deb\" data-elementor-lightbox-title=\"kep_strong_03 (1)\" data-e-action-hash=\"#elementor-action%3Aaction%3Dlightbox%26settings%3DeyJpZCI6Njg4LCJ1cmwiOiJodHRwczpcL1wvZmF0aXBsaS5jb21cL3dwLWNvbnRlbnRcL3VwbG9hZHNcLzIwMjZcLzAyXC9rZXBfc3Ryb25nXzAzLTEuanBnIiwic2xpZGVzaG93IjoiN2VkM2RlYiJ9\" href='https:\/\/fatipli.com\/wp-content\/uploads\/2026\/02\/kep_strong_03-1.jpg'><img fetchpriority=\"high\" decoding=\"async\" width=\"300\" height=\"225\" src=\"https:\/\/fatipli.com\/wp-content\/uploads\/2026\/02\/kep_strong_03-1.jpg\" class=\"attachment-full size-full\" alt=\"\" \/><\/a>\n\t\t\t<\/div><\/figure><figure class='gallery-item'>\n\t\t\t<div class='gallery-icon landscape'>\n\t\t\t\t<a data-elementor-open-lightbox=\"yes\" data-elementor-lightbox-slideshow=\"7ed3deb\" data-elementor-lightbox-title=\"kep_strong_02\" data-e-action-hash=\"#elementor-action%3Aaction%3Dlightbox%26settings%3DeyJpZCI6Njg5LCJ1cmwiOiJodHRwczpcL1wvZmF0aXBsaS5jb21cL3dwLWNvbnRlbnRcL3VwbG9hZHNcLzIwMjZcLzAyXC9rZXBfc3Ryb25nXzAyLmpwZyIsInNsaWRlc2hvdyI6IjdlZDNkZWIifQ%3D%3D\" href='https:\/\/fatipli.com\/wp-content\/uploads\/2026\/02\/kep_strong_02.jpg'><img decoding=\"async\" width=\"300\" height=\"225\" src=\"https:\/\/fatipli.com\/wp-content\/uploads\/2026\/02\/kep_strong_02.jpg\" class=\"attachment-full size-full\" alt=\"\" \/><\/a>\n\t\t\t<\/div><\/figure><figure class='gallery-item'>\n\t\t\t<div class='gallery-icon landscape'>\n\t\t\t\t<a data-elementor-open-lightbox=\"yes\" data-elementor-lightbox-slideshow=\"7ed3deb\" data-elementor-lightbox-title=\"kep_strong_01\" data-e-action-hash=\"#elementor-action%3Aaction%3Dlightbox%26settings%3DeyJpZCI6Njk5LCJ1cmwiOiJodHRwczpcL1wvZmF0aXBsaS5jb21cL3dwLWNvbnRlbnRcL3VwbG9hZHNcLzIwMjZcLzAyXC9rZXBfc3Ryb25nXzAxLmpwZyIsInNsaWRlc2hvdyI6IjdlZDNkZWIifQ%3D%3D\" href='https:\/\/fatipli.com\/wp-content\/uploads\/2026\/02\/kep_strong_01.jpg'><img decoding=\"async\" width=\"300\" height=\"225\" src=\"https:\/\/fatipli.com\/wp-content\/uploads\/2026\/02\/kep_strong_01.jpg\" class=\"attachment-full size-full\" alt=\"\" \/><\/a>\n\t\t\t<\/div><\/figure>\n\t\t<\/div>\n\t\t<\/div>\n\t\t\t\t\t\t<\/div>\n\t\t\t\t<div class=\"elementor-element elementor-element-2c3c50d elementor-widget elementor-widget-text-editor\" data-id=\"2c3c50d\" data-element_type=\"widget\" data-widget_type=\"text-editor.default\">\n\t\t\t\t\t\t\t\t\t<p align=\"justify\">V\u00e1llaljuk teljesen egyedi m\u00e9ret\u0171 \u00e1gyr\u00e1csok elk\u00e9sz\u00edt\u00e9s\u00e9t is. Ha az \u00e1rjegyz\u00e9kekben szerepl\u0151 m\u00e9retekt\u0151l elt\u00e9r\u0151 m\u00e9retben szeretn\u00e9 elk\u00e9sz\u00edttetni vel\u00fcnk \u00e1gyr\u00e1cs\u00e1t, keressen fel minket el\u00e9rhet\u0151s\u00e9geink egyik\u00e9n, \u00e9s k\u00e9rje aj\u00e1nlatunkat. Az \u00e1gyr\u00e1cs lamell\u00e1k sz\u00e1ma minden t\u00edpus\u00fa \u00e1gyr\u00e1csn\u00e1l a hossz\u00fas\u00e1g f\u00fcggv\u00e9ny\u00e9ben v\u00e1ltozik. A 120 cm\u00a0 &#8211;\u00a0 200 cm sz\u00e9les \u00e1gyr\u00e1csok plusz hosszanti r\u00f6gz\u00edt\u0151 elemet tartalmaznak az al\u00e1t\u00e1maszt\u00e1s \u00e9rdek\u00e9ben.<\/p><p align=\"justify\">\u00a0<\/p>\t\t\t\t\t\t\t\t<\/div>\n\t\t\t\t<div class=\"elementor-element elementor-element-06099e7 elementor-widget elementor-widget-text-editor\" data-id=\"06099e7\" data-element_type=\"widget\" data-widget_type=\"text-editor.default\">\n\t\t\t\t\t\t\t\t\t<p align=\"justify\"><b><span style=\"font-family: Calibri; font-size: large;\">FL\u00d3RA STRONG \u00e1gyr\u00e1csunk 70, 80, 90, 100, 120, 140, 160, 180, 200 cm-es sz\u00e9less\u00e9gben, 17 lamell\u00e1s (196 cm hossz\u00fa), 17 lamell\u00e1s g\u00e1zrug\u00f3s (196 cm hossz\u00fa), 18 lamell\u00e1s (210 cm hossz\u00fa), 18 lamell\u00e1s g\u00e1zrug\u00f3s (210 cm hossz\u00fa,) 19 lamell\u00e1s (220 cm hossz\u00fa), 19 lamell\u00e1s g\u00e1zrug\u00f3s (220 cm hossz\u00fa) v\u00e1ltozatokban rendelhet\u0151.<\/span><\/b><\/p><p align=\"center\"><u><b><span style=\"font-family: Calibri; font-size: large;\">Aktu\u00e1lis \u00e1gyr\u00e1cs \u00e1rainkr\u00f3l, k\u00e9rj\u00fck a\u00a0<\/span><span style=\"color: #800000; font-family: Calibri;\"><a href=\"https:\/\/web.archive.org\/web\/20240420015906\/mailto:flora1@hu.inter.net?subject=Megkeres%C3%A9s%20-%20www.agyracs.com\"><span style=\"color: #800000; font-size: large;\">flora1@hu.inter.net<\/span><\/a><\/span><span style=\"font-family: Calibri; font-size: x-large;\">\u00a0<\/span><span style=\"font-family: Calibri; font-size: large;\">e-mail c\u00edm\u00fcnk\u00f6n \u00e9rdekl\u0151dj\u00f6n!<\/span><\/b><\/u><\/p>\t\t\t\t\t\t\t\t<\/div>\n\t\t\t\t\t<\/div>\n\t\t\t\t<\/div>\n\t\t<div class=\"elementor-element elementor-element-375113e e-flex e-con-boxed e-con e-parent\" data-id=\"375113e\" data-element_type=\"container\">\n\t\t\t\t\t<div class=\"e-con-inner\">\n\t\t\t\t<div class=\"elementor-element elementor-element-29f38ab elementor-widget elementor-widget-heading\" data-id=\"29f38ab\" data-element_type=\"widget\" data-widget_type=\"heading.default\">\n\t\t\t\t\t<h2 class=\"elementor-heading-title elementor-size-default\">Mintak\u00e9pek a g\u00e1zrug\u00f3s beszerel\u00e9sr\u0151l:<\/h2>\t\t\t\t<\/div>\n\t\t\t\t\t<\/div>\n\t\t\t\t<\/div>\n\t\t<div class=\"elementor-element elementor-element-42e15ed e-flex e-con-boxed e-con e-parent\" data-id=\"42e15ed\" data-element_type=\"container\">\n\t\t\t\t\t<div class=\"e-con-inner\">\n\t\t\t\t<div class=\"elementor-element elementor-element-a371891 elementor-widget elementor-widget-image-gallery\" data-id=\"a371891\" data-element_type=\"widget\" data-widget_type=\"image-gallery.default\">\n\t\t\t\t\t\t\t<div class=\"elementor-image-gallery\">\n\t\t\t<div id='gallery-2' class='gallery galleryid-164 gallery-columns-3 gallery-size-full'><figure class='gallery-item'>\n\t\t\t<div class='gallery-icon landscape'>\n\t\t\t\t<a data-elementor-open-lightbox=\"yes\" data-elementor-lightbox-slideshow=\"a371891\" data-elementor-lightbox-title=\"kep_gazrugos_06\" data-e-action-hash=\"#elementor-action%3Aaction%3Dlightbox%26settings%3DeyJpZCI6NzAzLCJ1cmwiOiJodHRwczpcL1wvZmF0aXBsaS5jb21cL3dwLWNvbnRlbnRcL3VwbG9hZHNcLzIwMjZcLzAyXC9rZXBfZ2F6cnVnb3NfMDYuanBnIiwic2xpZGVzaG93IjoiYTM3MTg5MSJ9\" href='https:\/\/fatipli.com\/wp-content\/uploads\/2026\/02\/kep_gazrugos_06.jpg'><img loading=\"lazy\" decoding=\"async\" width=\"300\" height=\"225\" src=\"https:\/\/fatipli.com\/wp-content\/uploads\/2026\/02\/kep_gazrugos_06.jpg\" class=\"attachment-full size-full\" alt=\"\" \/><\/a>\n\t\t\t<\/div><\/figure><figure class='gallery-item'>\n\t\t\t<div class='gallery-icon landscape'>\n\t\t\t\t<a data-elementor-open-lightbox=\"yes\" data-elementor-lightbox-slideshow=\"a371891\" data-elementor-lightbox-title=\"kep_gazrugos_05\" data-e-action-hash=\"#elementor-action%3Aaction%3Dlightbox%26settings%3DeyJpZCI6NzA0LCJ1cmwiOiJodHRwczpcL1wvZmF0aXBsaS5jb21cL3dwLWNvbnRlbnRcL3VwbG9hZHNcLzIwMjZcLzAyXC9rZXBfZ2F6cnVnb3NfMDUuanBnIiwic2xpZGVzaG93IjoiYTM3MTg5MSJ9\" href='https:\/\/fatipli.com\/wp-content\/uploads\/2026\/02\/kep_gazrugos_05.jpg'><img loading=\"lazy\" decoding=\"async\" width=\"300\" height=\"225\" src=\"https:\/\/fatipli.com\/wp-content\/uploads\/2026\/02\/kep_gazrugos_05.jpg\" class=\"attachment-full size-full\" alt=\"\" \/><\/a>\n\t\t\t<\/div><\/figure><figure class='gallery-item'>\n\t\t\t<div class='gallery-icon landscape'>\n\t\t\t\t<a data-elementor-open-lightbox=\"yes\" data-elementor-lightbox-slideshow=\"a371891\" data-elementor-lightbox-title=\"kep_gazrugos_04\" data-e-action-hash=\"#elementor-action%3Aaction%3Dlightbox%26settings%3DeyJpZCI6NzA1LCJ1cmwiOiJodHRwczpcL1wvZmF0aXBsaS5jb21cL3dwLWNvbnRlbnRcL3VwbG9hZHNcLzIwMjZcLzAyXC9rZXBfZ2F6cnVnb3NfMDQuanBnIiwic2xpZGVzaG93IjoiYTM3MTg5MSJ9\" href='https:\/\/fatipli.com\/wp-content\/uploads\/2026\/02\/kep_gazrugos_04.jpg'><img loading=\"lazy\" decoding=\"async\" width=\"300\" height=\"225\" src=\"https:\/\/fatipli.com\/wp-content\/uploads\/2026\/02\/kep_gazrugos_04.jpg\" class=\"attachment-full size-full\" alt=\"\" \/><\/a>\n\t\t\t<\/div><\/figure><figure class='gallery-item'>\n\t\t\t<div class='gallery-icon landscape'>\n\t\t\t\t<a data-elementor-open-lightbox=\"yes\" data-elementor-lightbox-slideshow=\"a371891\" data-elementor-lightbox-title=\"kep_gazrugos_03\" data-e-action-hash=\"#elementor-action%3Aaction%3Dlightbox%26settings%3DeyJpZCI6NzA2LCJ1cmwiOiJodHRwczpcL1wvZmF0aXBsaS5jb21cL3dwLWNvbnRlbnRcL3VwbG9hZHNcLzIwMjZcLzAyXC9rZXBfZ2F6cnVnb3NfMDMuanBnIiwic2xpZGVzaG93IjoiYTM3MTg5MSJ9\" href='https:\/\/fatipli.com\/wp-content\/uploads\/2026\/02\/kep_gazrugos_03.jpg'><img loading=\"lazy\" decoding=\"async\" width=\"300\" height=\"225\" src=\"https:\/\/fatipli.com\/wp-content\/uploads\/2026\/02\/kep_gazrugos_03.jpg\" class=\"attachment-full size-full\" alt=\"\" \/><\/a>\n\t\t\t<\/div><\/figure><figure class='gallery-item'>\n\t\t\t<div class='gallery-icon landscape'>\n\t\t\t\t<a data-elementor-open-lightbox=\"yes\" data-elementor-lightbox-slideshow=\"a371891\" data-elementor-lightbox-title=\"kep_gazrugos_02\" data-e-action-hash=\"#elementor-action%3Aaction%3Dlightbox%26settings%3DeyJpZCI6NzA3LCJ1cmwiOiJodHRwczpcL1wvZmF0aXBsaS5jb21cL3dwLWNvbnRlbnRcL3VwbG9hZHNcLzIwMjZcLzAyXC9rZXBfZ2F6cnVnb3NfMDIuanBnIiwic2xpZGVzaG93IjoiYTM3MTg5MSJ9\" href='https:\/\/fatipli.com\/wp-content\/uploads\/2026\/02\/kep_gazrugos_02.jpg'><img loading=\"lazy\" decoding=\"async\" width=\"300\" height=\"225\" src=\"https:\/\/fatipli.com\/wp-content\/uploads\/2026\/02\/kep_gazrugos_02.jpg\" class=\"attachment-full size-full\" alt=\"\" \/><\/a>\n\t\t\t<\/div><\/figure><figure class='gallery-item'>\n\t\t\t<div class='gallery-icon landscape'>\n\t\t\t\t<a data-elementor-open-lightbox=\"yes\" data-elementor-lightbox-slideshow=\"a371891\" data-elementor-lightbox-title=\"kep_gazrugos_01 (1)\" data-e-action-hash=\"#elementor-action%3Aaction%3Dlightbox%26settings%3DeyJpZCI6NzA4LCJ1cmwiOiJodHRwczpcL1wvZmF0aXBsaS5jb21cL3dwLWNvbnRlbnRcL3VwbG9hZHNcLzIwMjZcLzAyXC9rZXBfZ2F6cnVnb3NfMDEtMS5qcGciLCJzbGlkZXNob3ciOiJhMzcxODkxIn0%3D\" href='https:\/\/fatipli.com\/wp-content\/uploads\/2026\/02\/kep_gazrugos_01-1.jpg'><img loading=\"lazy\" decoding=\"async\" width=\"300\" height=\"225\" src=\"https:\/\/fatipli.com\/wp-content\/uploads\/2026\/02\/kep_gazrugos_01-1.jpg\" class=\"attachment-full size-full\" alt=\"\" \/><\/a>\n\t\t\t<\/div><\/figure>\n\t\t<\/div>\n\t\t<\/div>\n\t\t\t\t\t\t<\/div>\n\t\t\t\t<div class=\"elementor-element elementor-element-355dbdb elementor-widget elementor-widget-text-editor\" data-id=\"355dbdb\" data-element_type=\"widget\" data-widget_type=\"text-editor.default\">\n\t\t\t\t\t\t\t\t\t<p><i><span style=\"font-family: Calibri; font-size: medium;\">A mintak\u00e9peken a FL\u00d3RA TRIED \u00e1gyr\u00e1csunk, g\u00e1zrug\u00f3s v\u00e1ltozat\u00e1nak beszerel\u00e9se l\u00e1that\u00f3.<\/span><\/i><\/p>\t\t\t\t\t\t\t\t<\/div>\n\t\t\t\t\t<\/div>\n\t\t\t\t<\/div>\n\t\t<div class=\"elementor-element elementor-element-b8fb7e0 e-flex e-con-boxed e-con e-parent\" data-id=\"b8fb7e0\" data-element_type=\"container\">\n\t\t\t\t\t<div class=\"e-con-inner\">\n\t\t\t\t<div class=\"elementor-element elementor-element-52c45af elementor-widget elementor-widget-heading\" data-id=\"52c45af\" data-element_type=\"widget\" data-widget_type=\"heading.default\">\n\t\t\t\t\t<h2 class=\"elementor-heading-title elementor-size-default\">Forduljon hozz\u00e1nk bizalommal! K\u00e9szs\u00e9ggel \u00e1llunk rendelkez\u00e9s\u00e9re!<\/h2>\t\t\t\t<\/div>\n\t\t\t\t\t<\/div>\n\t\t\t\t<\/div>\n\t\t\t\t<\/div>\n\t\t","protected":false},"excerpt":{"rendered":"<p>Fl\u00f3ra Strong \u00e1gyr\u00e1cs csal\u00e1d A\u00a0STRONG \u00e1gyr\u00e1csunk\u00a0egy robosztus fixen \u00f6ssze\u00e9p\u00edtett, gyakorlatilag mozdulatlan l\u00e9cek (17 db) sorozat\u00e1b\u00f3l \u00e1ll. A keretszerkezet 2,5*5,5 cm-es ny\u00edrfa r\u00e9tegelt lemezb\u0151l van. A\u00a017 darab lamella\u00a018 mm vastag, 53 mm sz\u00e9les nagy teherb\u00edr\u00e1s\u00fa,\u00a0ny\u00edrfa r\u00e9tegelt lemez. Ez a fajta \u00e1gy\u00e1cs szinte\u00a0b\u00e1rmilyen t\u00edpus\u00fa matrachoz\u00a0\u00e9s b\u00e1rmilyen eg\u00e9szs\u00e9ges vagy beteg (gerincprobl\u00e9m\u00e1kkal k\u00fcszk\u00f6d\u0151) emberek k\u00e9nyelmes alv\u00e1s\u00e1ra, pihen\u00e9sekre az egyik [&hellip;]<\/p>\n","protected":false},"author":1,"featured_media":0,"parent":0,"menu_order":0,"comment_status":"closed","ping_status":"closed","template":"","meta":{"footnotes":""},"class_list":["post-164","page","type-page","status-publish","hentry"],"yoast_head":"<!-- This site is optimized with the Yoast SEO Premium plugin v27.4 (Yoast SEO v27.4) - https:\/\/yoast.com\/product\/yoast-seo-premium-wordpress\/ -->\n<title>\u00c1gyr\u00e1cs strong - Fatipli a gy\u00e1rt\u00f3t\u00f3l! | Fl\u00f3ra Faipari Kft.<\/title>\n<meta name=\"robots\" content=\"index, follow, max-snippet:-1, max-image-preview:large, max-video-preview:-1\" \/>\n<link rel=\"canonical\" href=\"https:\/\/fatipli.com\/index.php\/agyracs-strong\/\" \/>\n<meta property=\"og:locale\" content=\"hu_HU\" \/>\n<meta property=\"og:type\" content=\"article\" \/>\n<meta property=\"og:title\" content=\"\u00c1gyr\u00e1cs strong\" \/>\n<meta property=\"og:description\" content=\"Fl\u00f3ra Strong \u00e1gyr\u00e1cs csal\u00e1d A\u00a0STRONG \u00e1gyr\u00e1csunk\u00a0egy robosztus fixen \u00f6ssze\u00e9p\u00edtett, gyakorlatilag mozdulatlan l\u00e9cek (17 db) sorozat\u00e1b\u00f3l \u00e1ll. A keretszerkezet 2,5*5,5 cm-es ny\u00edrfa r\u00e9tegelt lemezb\u0151l van. A\u00a017 darab lamella\u00a018 mm vastag, 53 mm sz\u00e9les nagy teherb\u00edr\u00e1s\u00fa,\u00a0ny\u00edrfa r\u00e9tegelt lemez. Ez a fajta \u00e1gy\u00e1cs szinte\u00a0b\u00e1rmilyen t\u00edpus\u00fa matrachoz\u00a0\u00e9s b\u00e1rmilyen eg\u00e9szs\u00e9ges vagy beteg (gerincprobl\u00e9m\u00e1kkal k\u00fcszk\u00f6d\u0151) emberek k\u00e9nyelmes alv\u00e1s\u00e1ra, pihen\u00e9sekre az egyik [&hellip;]\" \/>\n<meta property=\"og:url\" content=\"https:\/\/fatipli.com\/index.php\/agyracs-strong\/\" \/>\n<meta property=\"og:site_name\" content=\"Fatipli a gy\u00e1rt\u00f3t\u00f3l! | Fl\u00f3ra Faipari Kft.\" \/>\n<meta property=\"article:modified_time\" content=\"2026-02-06T10:30:06+00:00\" \/>\n<meta property=\"og:image\" content=\"https:\/\/fatipli.com\/wp-content\/uploads\/2026\/02\/kep_strong_03-1.jpg\" \/>\n<meta name=\"twitter:card\" content=\"summary_large_image\" \/>\n<meta name=\"twitter:label1\" content=\"Becs\u00fclt olvas\u00e1si id\u0151\" \/>\n\t<meta name=\"twitter:data1\" content=\"2 perc\" \/>\n<script type=\"application\/ld+json\" class=\"yoast-schema-graph\">{\"@context\":\"https:\\\/\\\/schema.org\",\"@graph\":[{\"@type\":\"WebPage\",\"@id\":\"https:\\\/\\\/fatipli.com\\\/index.php\\\/agyracs-strong\\\/\",\"url\":\"https:\\\/\\\/fatipli.com\\\/index.php\\\/agyracs-strong\\\/\",\"name\":\"\u00c1gyr\u00e1cs strong - Fatipli a gy\u00e1rt\u00f3t\u00f3l! | Fl\u00f3ra Faipari Kft.\",\"isPartOf\":{\"@id\":\"https:\\\/\\\/fatipli.com\\\/#website\"},\"primaryImageOfPage\":{\"@id\":\"https:\\\/\\\/fatipli.com\\\/index.php\\\/agyracs-strong\\\/#primaryimage\"},\"image\":{\"@id\":\"https:\\\/\\\/fatipli.com\\\/index.php\\\/agyracs-strong\\\/#primaryimage\"},\"thumbnailUrl\":\"https:\\\/\\\/fatipli.com\\\/wp-content\\\/uploads\\\/2026\\\/02\\\/kep_strong_03-1.jpg\",\"datePublished\":\"2026-02-02T19:08:19+00:00\",\"dateModified\":\"2026-02-06T10:30:06+00:00\",\"breadcrumb\":{\"@id\":\"https:\\\/\\\/fatipli.com\\\/index.php\\\/agyracs-strong\\\/#breadcrumb\"},\"inLanguage\":\"hu\",\"potentialAction\":[{\"@type\":\"ReadAction\",\"target\":[\"https:\\\/\\\/fatipli.com\\\/index.php\\\/agyracs-strong\\\/\"]}]},{\"@type\":\"ImageObject\",\"inLanguage\":\"hu\",\"@id\":\"https:\\\/\\\/fatipli.com\\\/index.php\\\/agyracs-strong\\\/#primaryimage\",\"url\":\"https:\\\/\\\/fatipli.com\\\/wp-content\\\/uploads\\\/2026\\\/02\\\/kep_strong_03-1.jpg\",\"contentUrl\":\"https:\\\/\\\/fatipli.com\\\/wp-content\\\/uploads\\\/2026\\\/02\\\/kep_strong_03-1.jpg\"},{\"@type\":\"BreadcrumbList\",\"@id\":\"https:\\\/\\\/fatipli.com\\\/index.php\\\/agyracs-strong\\\/#breadcrumb\",\"itemListElement\":[{\"@type\":\"ListItem\",\"position\":1,\"name\":\"Kezd\u0151lap\",\"item\":\"https:\\\/\\\/fatipli.com\\\/\"},{\"@type\":\"ListItem\",\"position\":2,\"name\":\"\u00c1gyr\u00e1cs strong\"}]},{\"@type\":\"WebSite\",\"@id\":\"https:\\\/\\\/fatipli.com\\\/#website\",\"url\":\"https:\\\/\\\/fatipli.com\\\/\",\"name\":\"Fatipli a gy\u00e1rt\u00f3t\u00f3l! | Fl\u00f3ra Faipari Kft.\",\"description\":\"Faipari term\u00e9kek egyenesen a gy\u00e1rt\u00f3t\u00f3l. Fatipli, \u00c1gyr\u00e1cs\",\"publisher\":{\"@id\":\"https:\\\/\\\/fatipli.com\\\/#organization\"},\"potentialAction\":[{\"@type\":\"SearchAction\",\"target\":{\"@type\":\"EntryPoint\",\"urlTemplate\":\"https:\\\/\\\/fatipli.com\\\/?s={search_term_string}\"},\"query-input\":{\"@type\":\"PropertyValueSpecification\",\"valueRequired\":true,\"valueName\":\"search_term_string\"}}],\"inLanguage\":\"hu\"},{\"@type\":\"Organization\",\"@id\":\"https:\\\/\\\/fatipli.com\\\/#organization\",\"name\":\"Fatipli a gy\u00e1rt\u00f3t\u00f3l! | Fl\u00f3ra Faipari Kft.\",\"url\":\"https:\\\/\\\/fatipli.com\\\/\",\"logo\":{\"@type\":\"ImageObject\",\"inLanguage\":\"hu\",\"@id\":\"https:\\\/\\\/fatipli.com\\\/#\\\/schema\\\/logo\\\/image\\\/\",\"url\":\"https:\\\/\\\/fatipli.com\\\/wp-content\\\/uploads\\\/2026\\\/01\\\/logoo-1.png\",\"contentUrl\":\"https:\\\/\\\/fatipli.com\\\/wp-content\\\/uploads\\\/2026\\\/01\\\/logoo-1.png\",\"width\":880,\"height\":880,\"caption\":\"Fatipli a gy\u00e1rt\u00f3t\u00f3l! | Fl\u00f3ra Faipari Kft.\"},\"image\":{\"@id\":\"https:\\\/\\\/fatipli.com\\\/#\\\/schema\\\/logo\\\/image\\\/\"}}]}<\/script>\n<!-- \/ Yoast SEO Premium plugin. -->","yoast_head_json":{"title":"\u00c1gyr\u00e1cs strong - Fatipli a gy\u00e1rt\u00f3t\u00f3l! | Fl\u00f3ra Faipari Kft.","robots":{"index":"index","follow":"follow","max-snippet":"max-snippet:-1","max-image-preview":"max-image-preview:large","max-video-preview":"max-video-preview:-1"},"canonical":"https:\/\/fatipli.com\/index.php\/agyracs-strong\/","og_locale":"hu_HU","og_type":"article","og_title":"\u00c1gyr\u00e1cs strong","og_description":"Fl\u00f3ra Strong \u00e1gyr\u00e1cs csal\u00e1d A\u00a0STRONG \u00e1gyr\u00e1csunk\u00a0egy robosztus fixen \u00f6ssze\u00e9p\u00edtett, gyakorlatilag mozdulatlan l\u00e9cek (17 db) sorozat\u00e1b\u00f3l \u00e1ll. A keretszerkezet 2,5*5,5 cm-es ny\u00edrfa r\u00e9tegelt lemezb\u0151l van. A\u00a017 darab lamella\u00a018 mm vastag, 53 mm sz\u00e9les nagy teherb\u00edr\u00e1s\u00fa,\u00a0ny\u00edrfa r\u00e9tegelt lemez. Ez a fajta \u00e1gy\u00e1cs szinte\u00a0b\u00e1rmilyen t\u00edpus\u00fa matrachoz\u00a0\u00e9s b\u00e1rmilyen eg\u00e9szs\u00e9ges vagy beteg (gerincprobl\u00e9m\u00e1kkal k\u00fcszk\u00f6d\u0151) emberek k\u00e9nyelmes alv\u00e1s\u00e1ra, pihen\u00e9sekre az egyik [&hellip;]","og_url":"https:\/\/fatipli.com\/index.php\/agyracs-strong\/","og_site_name":"Fatipli a gy\u00e1rt\u00f3t\u00f3l! | Fl\u00f3ra Faipari Kft.","article_modified_time":"2026-02-06T10:30:06+00:00","og_image":[{"url":"https:\/\/fatipli.com\/wp-content\/uploads\/2026\/02\/kep_strong_03-1.jpg","type":"","width":"","height":""}],"twitter_card":"summary_large_image","twitter_misc":{"Becs\u00fclt olvas\u00e1si id\u0151":"2 perc"},"schema":{"@context":"https:\/\/schema.org","@graph":[{"@type":"WebPage","@id":"https:\/\/fatipli.com\/index.php\/agyracs-strong\/","url":"https:\/\/fatipli.com\/index.php\/agyracs-strong\/","name":"\u00c1gyr\u00e1cs strong - Fatipli a gy\u00e1rt\u00f3t\u00f3l! | Fl\u00f3ra Faipari Kft.","isPartOf":{"@id":"https:\/\/fatipli.com\/#website"},"primaryImageOfPage":{"@id":"https:\/\/fatipli.com\/index.php\/agyracs-strong\/#primaryimage"},"image":{"@id":"https:\/\/fatipli.com\/index.php\/agyracs-strong\/#primaryimage"},"thumbnailUrl":"https:\/\/fatipli.com\/wp-content\/uploads\/2026\/02\/kep_strong_03-1.jpg","datePublished":"2026-02-02T19:08:19+00:00","dateModified":"2026-02-06T10:30:06+00:00","breadcrumb":{"@id":"https:\/\/fatipli.com\/index.php\/agyracs-strong\/#breadcrumb"},"inLanguage":"hu","potentialAction":[{"@type":"ReadAction","target":["https:\/\/fatipli.com\/index.php\/agyracs-strong\/"]}]},{"@type":"ImageObject","inLanguage":"hu","@id":"https:\/\/fatipli.com\/index.php\/agyracs-strong\/#primaryimage","url":"https:\/\/fatipli.com\/wp-content\/uploads\/2026\/02\/kep_strong_03-1.jpg","contentUrl":"https:\/\/fatipli.com\/wp-content\/uploads\/2026\/02\/kep_strong_03-1.jpg"},{"@type":"BreadcrumbList","@id":"https:\/\/fatipli.com\/index.php\/agyracs-strong\/#breadcrumb","itemListElement":[{"@type":"ListItem","position":1,"name":"Kezd\u0151lap","item":"https:\/\/fatipli.com\/"},{"@type":"ListItem","position":2,"name":"\u00c1gyr\u00e1cs strong"}]},{"@type":"WebSite","@id":"https:\/\/fatipli.com\/#website","url":"https:\/\/fatipli.com\/","name":"Fatipli a gy\u00e1rt\u00f3t\u00f3l! | Fl\u00f3ra Faipari Kft.","description":"Faipari term\u00e9kek egyenesen a gy\u00e1rt\u00f3t\u00f3l. Fatipli, \u00c1gyr\u00e1cs","publisher":{"@id":"https:\/\/fatipli.com\/#organization"},"potentialAction":[{"@type":"SearchAction","target":{"@type":"EntryPoint","urlTemplate":"https:\/\/fatipli.com\/?s={search_term_string}"},"query-input":{"@type":"PropertyValueSpecification","valueRequired":true,"valueName":"search_term_string"}}],"inLanguage":"hu"},{"@type":"Organization","@id":"https:\/\/fatipli.com\/#organization","name":"Fatipli a gy\u00e1rt\u00f3t\u00f3l! | Fl\u00f3ra Faipari Kft.","url":"https:\/\/fatipli.com\/","logo":{"@type":"ImageObject","inLanguage":"hu","@id":"https:\/\/fatipli.com\/#\/schema\/logo\/image\/","url":"https:\/\/fatipli.com\/wp-content\/uploads\/2026\/01\/logoo-1.png","contentUrl":"https:\/\/fatipli.com\/wp-content\/uploads\/2026\/01\/logoo-1.png","width":880,"height":880,"caption":"Fatipli a gy\u00e1rt\u00f3t\u00f3l! | Fl\u00f3ra Faipari Kft."},"image":{"@id":"https:\/\/fatipli.com\/#\/schema\/logo\/image\/"}}]}},"_links":{"self":[{"href":"https:\/\/fatipli.com\/index.php\/wp-json\/wp\/v2\/pages\/164","targetHints":{"allow":["GET"]}}],"collection":[{"href":"https:\/\/fatipli.com\/index.php\/wp-json\/wp\/v2\/pages"}],"about":[{"href":"https:\/\/fatipli.com\/index.php\/wp-json\/wp\/v2\/types\/page"}],"author":[{"embeddable":true,"href":"https:\/\/fatipli.com\/index.php\/wp-json\/wp\/v2\/users\/1"}],"replies":[{"embeddable":true,"href":"https:\/\/fatipli.com\/index.php\/wp-json\/wp\/v2\/comments?post=164"}],"version-history":[{"count":25,"href":"https:\/\/fatipli.com\/index.php\/wp-json\/wp\/v2\/pages\/164\/revisions"}],"predecessor-version":[{"id":714,"href":"https:\/\/fatipli.com\/index.php\/wp-json\/wp\/v2\/pages\/164\/revisions\/714"}],"wp:attachment":[{"href":"https:\/\/fatipli.com\/index.php\/wp-json\/wp\/v2\/media?parent=164"}],"curies":[{"name":"wp","href":"https:\/\/api.w.org\/{rel}","templated":true}]}}