{"id":24,"date":"2026-01-30T22:57:57","date_gmt":"2026-01-30T21:57:57","guid":{"rendered":"https:\/\/fatipli.com\/index.php\/contact\/"},"modified":"2026-02-11T21:16:23","modified_gmt":"2026-02-11T20:16:23","slug":"contact","status":"publish","type":"page","link":"https:\/\/fatipli.com\/index.php\/contact\/","title":{"rendered":"Contact"},"content":{"rendered":"\t\t<div data-elementor-type=\"wp-page\" data-elementor-id=\"24\" class=\"elementor elementor-24\" data-elementor-post-type=\"page\">\n\t\t\t\t<div class=\"elementor-element elementor-element-a24023e e-con-full e-flex e-con e-parent\" data-id=\"a24023e\" data-element_type=\"container\" data-settings=\"{&quot;background_background&quot;:&quot;classic&quot;}\">\n\t\t\t\t<div class=\"elementor-element elementor-element-2596bf0 elementor-widget-mobile__width-inherit elementor-widget elementor-widget-image\" data-id=\"2596bf0\" data-element_type=\"widget\" data-widget_type=\"image.default\">\n\t\t\t\t\t\t\t\t\t\t\t\t\t\t\t<img fetchpriority=\"high\" decoding=\"async\" width=\"1536\" height=\"518\" src=\"https:\/\/fatipli.com\/wp-content\/uploads\/2026\/02\/kapcs.jpg\" class=\"attachment-full size-full wp-image-128\" alt=\"\" srcset=\"https:\/\/fatipli.com\/wp-content\/uploads\/2026\/02\/kapcs.jpg 1536w, https:\/\/fatipli.com\/wp-content\/uploads\/2026\/02\/kapcs-300x101.jpg 300w, https:\/\/fatipli.com\/wp-content\/uploads\/2026\/02\/kapcs-1024x345.jpg 1024w, https:\/\/fatipli.com\/wp-content\/uploads\/2026\/02\/kapcs-768x259.jpg 768w\" sizes=\"(max-width: 1536px) 100vw, 1536px\" \/>\t\t\t\t\t\t\t\t\t\t\t\t\t\t\t<\/div>\n\t\t\t\t<\/div>\n\t\t<div class=\"elementor-element elementor-element-36fb3f5 e-flex e-con-boxed e-con e-parent\" data-id=\"36fb3f5\" data-element_type=\"container\" data-settings=\"{&quot;background_background&quot;:&quot;classic&quot;}\">\n\t\t\t\t\t<div class=\"e-con-inner\">\n\t\t<div class=\"elementor-element elementor-element-8f16520 e-con-full e-flex e-con e-child\" data-id=\"8f16520\" data-element_type=\"container\" data-settings=\"{&quot;background_background&quot;:&quot;classic&quot;}\">\n\t\t\t\t<div class=\"elementor-element elementor-element-d559109 elementor-widget elementor-widget-heading\" data-id=\"d559109\" data-element_type=\"widget\" data-widget_type=\"heading.default\">\n\t\t\t\t\t<h2 class=\"elementor-heading-title elementor-size-default\">K\u00edn\u00e1latunkban kiz\u00e1r\u00f3lag term\u00e9szetesen sz\u00e1radt \u00e9s m\u0171 sz\u00e1r\u00edtott faanyagokat tal\u00e1l<\/h2>\t\t\t\t<\/div>\n\t\t\t\t<\/div>\n\t\t\t\t\t<\/div>\n\t\t\t\t<\/div>\n\t\t<div class=\"elementor-element elementor-element-6185da5 e-con-full e-flex e-con e-parent\" data-id=\"6185da5\" data-element_type=\"container\">\n\t\t<div class=\"elementor-element elementor-element-acd8a42 e-con-full e-flex e-con e-child\" data-id=\"acd8a42\" data-element_type=\"container\" data-settings=\"{&quot;background_background&quot;:&quot;classic&quot;}\">\n\t\t\t\t<\/div>\n\t\t\t\t<\/div>\n\t\t<div class=\"elementor-element elementor-element-bec5abb e-flex e-con-boxed e-con e-parent\" data-id=\"bec5abb\" data-element_type=\"container\" data-settings=\"{&quot;background_background&quot;:&quot;classic&quot;}\">\n\t\t\t\t\t<div class=\"e-con-inner\">\n\t\t<div class=\"elementor-element elementor-element-d8f5835 e-con-full e-flex e-con e-child\" data-id=\"d8f5835\" data-element_type=\"container\">\n\t\t\t\t<div class=\"elementor-element elementor-element-a9cd4b9 elementor-widget-tablet__width-inherit elementor-widget-mobile__width-inherit elementor-widget elementor-widget-image-box\" data-id=\"a9cd4b9\" data-element_type=\"widget\" data-widget_type=\"image-box.default\">\n\t\t\t\t\t<div class=\"elementor-image-box-wrapper\"><div class=\"elementor-image-box-content\"><h3 class=\"elementor-image-box-title\">L\u00e9pjen vel\u00fcnk kapcsolatba<\/h3><p class=\"elementor-image-box-description\">\u00dajhatvani fatelep.<BR>\n<\/p><\/div><\/div>\t\t\t\t<\/div>\n\t\t<div class=\"elementor-element elementor-element-8090551 e-con-full e-flex e-con e-child\" data-id=\"8090551\" data-element_type=\"container\">\n\t\t\t\t<div class=\"elementor-element elementor-element-45a57d1 elementor-widget-tablet__width-initial elementor-widget-mobile__width-inherit elementor-widget elementor-widget-heading\" data-id=\"45a57d1\" data-element_type=\"widget\" data-widget_type=\"heading.default\">\n\t\t\t\t\t<h3 class=\"elementor-heading-title elementor-size-default\">\u00dcgyvezet\u0151<\/h3>\t\t\t\t<\/div>\n\t\t\t\t<div class=\"elementor-element elementor-element-82ce438 elementor-icon-list--layout-traditional elementor-list-item-link-full_width elementor-widget elementor-widget-icon-list\" data-id=\"82ce438\" data-element_type=\"widget\" data-widget_type=\"icon-list.default\">\n\t\t\t\t\t\t\t<ul class=\"elementor-icon-list-items\">\n\t\t\t\t\t\t\t<li class=\"elementor-icon-list-item\">\n\t\t\t\t\t\t\t\t\t\t<span class=\"elementor-icon-list-text\">0620\/961-3089<\/span>\n\t\t\t\t\t\t\t\t\t<\/li>\n\t\t\t\t\t\t\t\t<li class=\"elementor-icon-list-item\">\n\t\t\t\t\t\t\t\t\t\t<span class=\"elementor-icon-list-text\">flora1@hu.inter.net<\/span>\n\t\t\t\t\t\t\t\t\t<\/li>\n\t\t\t\t\t\t<\/ul>\n\t\t\t\t\t\t<\/div>\n\t\t\t\t<\/div>\n\t\t<div class=\"elementor-element elementor-element-e11f28c e-con-full e-flex e-con e-child\" data-id=\"e11f28c\" data-element_type=\"container\">\n\t\t\t\t<div class=\"elementor-element elementor-element-443853a elementor-widget-tablet__width-initial elementor-widget-mobile__width-inherit elementor-widget elementor-widget-heading\" data-id=\"443853a\" data-element_type=\"widget\" data-widget_type=\"heading.default\">\n\t\t\t\t\t<h3 class=\"elementor-heading-title elementor-size-default\">\u00dcgyint\u00e9z\u0151: <\/h3>\t\t\t\t<\/div>\n\t\t\t\t<div class=\"elementor-element elementor-element-05db76a elementor-icon-list--layout-traditional elementor-list-item-link-full_width elementor-widget elementor-widget-icon-list\" data-id=\"05db76a\" data-element_type=\"widget\" data-widget_type=\"icon-list.default\">\n\t\t\t\t\t\t\t<ul class=\"elementor-icon-list-items\">\n\t\t\t\t\t\t\t<li class=\"elementor-icon-list-item\">\n\t\t\t\t\t\t\t\t\t\t<span class=\"elementor-icon-list-text\">0620\/508-6466<\/span>\n\t\t\t\t\t\t\t\t\t<\/li>\n\t\t\t\t\t\t\t\t<li class=\"elementor-icon-list-item\">\n\t\t\t\t\t\t\t\t\t\t<span class=\"elementor-icon-list-text\">0637\/341-637<\/span>\n\t\t\t\t\t\t\t\t\t<\/li>\n\t\t\t\t\t\t<\/ul>\n\t\t\t\t\t\t<\/div>\n\t\t\t\t<\/div>\n\t\t<div class=\"elementor-element elementor-element-5871ccb e-con-full e-flex e-con e-child\" data-id=\"5871ccb\" data-element_type=\"container\">\n\t\t\t\t<div class=\"elementor-element elementor-element-d678190 elementor-widget-tablet__width-initial elementor-widget-mobile__width-inherit elementor-widget elementor-widget-heading\" data-id=\"d678190\" data-element_type=\"widget\" data-widget_type=\"heading.default\">\n\t\t\t\t\t<h3 class=\"elementor-heading-title elementor-size-default\">C\u00edm<\/h3>\t\t\t\t<\/div>\n\t\t\t\t<div class=\"elementor-element elementor-element-5867f3c elementor-icon-list--layout-traditional elementor-list-item-link-full_width elementor-widget elementor-widget-icon-list\" data-id=\"5867f3c\" data-element_type=\"widget\" data-widget_type=\"icon-list.default\">\n\t\t\t\t\t\t\t<ul class=\"elementor-icon-list-items\">\n\t\t\t\t\t\t\t<li class=\"elementor-icon-list-item\">\n\t\t\t\t\t\t\t\t\t\t<span class=\"elementor-icon-list-text\">\t3000 Hatvan, Nagytelek utca 14.<\/span>\n\t\t\t\t\t\t\t\t\t<\/li>\n\t\t\t\t\t\t<\/ul>\n\t\t\t\t\t\t<\/div>\n\t\t\t\t<\/div>\n\t\t<div class=\"elementor-element elementor-element-c0403e7 e-con-full e-flex e-con e-child\" data-id=\"c0403e7\" data-element_type=\"container\">\n\t\t\t\t<div class=\"elementor-element elementor-element-e59b1d0 elementor-widget-tablet__width-initial elementor-widget-mobile__width-inherit elementor-widget elementor-widget-heading\" data-id=\"e59b1d0\" data-element_type=\"widget\" data-widget_type=\"heading.default\">\n\t\t\t\t\t<h3 class=\"elementor-heading-title elementor-size-default\">Nyitvatart\u00e1s<\/h3>\t\t\t\t<\/div>\n\t\t\t\t<div class=\"elementor-element elementor-element-7afb1dc elementor-icon-list--layout-traditional elementor-list-item-link-full_width elementor-widget elementor-widget-icon-list\" data-id=\"7afb1dc\" data-element_type=\"widget\" data-widget_type=\"icon-list.default\">\n\t\t\t\t\t\t\t<ul class=\"elementor-icon-list-items\">\n\t\t\t\t\t\t\t<li class=\"elementor-icon-list-item\">\n\t\t\t\t\t\t\t\t\t\t<span class=\"elementor-icon-list-text\">H\u00e9tf\u0151t\u0151l-P\u00e9tekig 07:30-16:00-ig<\/span>\n\t\t\t\t\t\t\t\t\t<\/li>\n\t\t\t\t\t\t\t\t<li class=\"elementor-icon-list-item\">\n\t\t\t\t\t\t\t\t\t\t<span class=\"elementor-icon-list-text\">Szombat: 08:00-12:00-ig <\/span>\n\t\t\t\t\t\t\t\t\t<\/li>\n\t\t\t\t\t\t\t\t<li class=\"elementor-icon-list-item\">\n\t\t\t\t\t\t\t\t\t\t<span class=\"elementor-icon-list-text\">Vas\u00e1rnap: Z\u00e1rva<\/span>\n\t\t\t\t\t\t\t\t\t<\/li>\n\t\t\t\t\t\t<\/ul>\n\t\t\t\t\t\t<\/div>\n\t\t\t\t<\/div>\n\t\t\t\t<div class=\"elementor-element elementor-element-97abc1f elementor-tablet-align-start elementor-mobile-align-start elementor-widget-tablet__width-inherit elementor-icon-list--layout-traditional elementor-list-item-link-full_width elementor-widget elementor-widget-icon-list\" data-id=\"97abc1f\" data-element_type=\"widget\" data-widget_type=\"icon-list.default\">\n\t\t\t\t\t\t\t<ul class=\"elementor-icon-list-items\">\n\t\t\t\t\t\t\t<li class=\"elementor-icon-list-item\">\n\t\t\t\t\t\t\t\t\t\t\t<span class=\"elementor-icon-list-icon\">\n\t\t\t\t\t\t\t<svg aria-hidden=\"true\" class=\"e-font-icon-svg e-fab-facebook\" viewBox=\"0 0 512 512\" xmlns=\"http:\/\/www.w3.org\/2000\/svg\"><path d=\"M504 256C504 119 393 8 256 8S8 119 8 256c0 123.78 90.69 226.38 209.25 245V327.69h-63V256h63v-54.64c0-62.15 37-96.48 93.67-96.48 27.14 0 55.52 4.84 55.52 4.84v61h-31.28c-30.8 0-40.41 19.12-40.41 38.73V256h68.78l-11 71.69h-57.78V501C413.31 482.38 504 379.78 504 256z\"><\/path><\/svg>\t\t\t\t\t\t<\/span>\n\t\t\t\t\t\t\t\t\t\t<span class=\"elementor-icon-list-text\">\t\u00dajhatvani Fatelep - Fl\u00f3ra Faipari Kft.<\/span>\n\t\t\t\t\t\t\t\t\t<\/li>\n\t\t\t\t\t\t<\/ul>\n\t\t\t\t\t\t<\/div>\n\t\t\t\t<\/div>\n\t\t\t\t<div class=\"elementor-element elementor-element-30eb2b1 elementor-widget__width-initial elementor-widget-tablet__width-inherit elementor-widget elementor-widget-google_maps\" data-id=\"30eb2b1\" data-element_type=\"widget\" data-widget_type=\"google_maps.default\">\n\t\t\t\t\t\t\t<div class=\"elementor-custom-embed\">\n\t\t\t<iframe loading=\"lazy\"\n\t\t\t\t\tsrc=\"https:\/\/maps.google.com\/maps?q=%093000%20Hatvan%2C%20Nagytelek%20utca%2014.&#038;t=m&#038;z=15&#038;output=embed&#038;iwloc=near\"\n\t\t\t\t\ttitle=\"\t3000 Hatvan, Nagytelek utca 14.\"\n\t\t\t\t\taria-label=\"\t3000 Hatvan, Nagytelek utca 14.\"\n\t\t\t><\/iframe>\n\t\t<\/div>\n\t\t\t\t\t\t<\/div>\n\t\t\t\t\t<\/div>\n\t\t\t\t<\/div>\n\t\t\t\t<\/div>\n\t\t","protected":false},"excerpt":{"rendered":"<p>K\u00edn\u00e1latunkban kiz\u00e1r\u00f3lag term\u00e9szetesen sz\u00e1radt \u00e9s m\u0171 sz\u00e1r\u00edtott faanyagokat tal\u00e1l L\u00e9pjen vel\u00fcnk kapcsolatba \u00dajhatvani fatelep. \u00dcgyvezet\u0151 0620\/961-3089 flora1@hu.inter.net \u00dcgyint\u00e9z\u0151: 0620\/508-6466 0637\/341-637 C\u00edm 3000 Hatvan, Nagytelek utca 14. Nyitvatart\u00e1s H\u00e9tf\u0151t\u0151l-P\u00e9tekig 07:30-16:00-ig Szombat: 08:00-12:00-ig Vas\u00e1rnap: Z\u00e1rva \u00dajhatvani Fatelep &#8211; Fl\u00f3ra Faipari Kft.<\/p>\n","protected":false},"author":1,"featured_media":0,"parent":0,"menu_order":0,"comment_status":"closed","ping_status":"closed","template":"","meta":{"footnotes":""},"class_list":["post-24","page","type-page","status-publish","hentry"],"yoast_head":"<!-- This site is optimized with the Yoast SEO Premium plugin v27.4 (Yoast SEO v27.4) - https:\/\/yoast.com\/product\/yoast-seo-premium-wordpress\/ -->\n<title>Contact - Fatipli a gy\u00e1rt\u00f3t\u00f3l! | Fl\u00f3ra Faipari Kft.<\/title>\n<meta name=\"robots\" content=\"index, follow, max-snippet:-1, max-image-preview:large, max-video-preview:-1\" \/>\n<link rel=\"canonical\" href=\"https:\/\/fatipli.com\/index.php\/contact\/\" \/>\n<meta property=\"og:locale\" content=\"hu_HU\" \/>\n<meta property=\"og:type\" content=\"article\" \/>\n<meta property=\"og:title\" content=\"Contact\" \/>\n<meta property=\"og:description\" content=\"K\u00edn\u00e1latunkban kiz\u00e1r\u00f3lag term\u00e9szetesen sz\u00e1radt \u00e9s m\u0171 sz\u00e1r\u00edtott faanyagokat tal\u00e1l L\u00e9pjen vel\u00fcnk kapcsolatba \u00dajhatvani fatelep. \u00dcgyvezet\u0151 0620\/961-3089 flora1@hu.inter.net \u00dcgyint\u00e9z\u0151: 0620\/508-6466 0637\/341-637 C\u00edm 3000 Hatvan, Nagytelek utca 14. Nyitvatart\u00e1s H\u00e9tf\u0151t\u0151l-P\u00e9tekig 07:30-16:00-ig Szombat: 08:00-12:00-ig Vas\u00e1rnap: Z\u00e1rva \u00dajhatvani Fatelep &#8211; Fl\u00f3ra Faipari Kft.\" \/>\n<meta property=\"og:url\" content=\"https:\/\/fatipli.com\/index.php\/contact\/\" \/>\n<meta property=\"og:site_name\" content=\"Fatipli a gy\u00e1rt\u00f3t\u00f3l! | Fl\u00f3ra Faipari Kft.\" \/>\n<meta property=\"article:modified_time\" content=\"2026-02-11T20:16:23+00:00\" \/>\n<meta property=\"og:image\" content=\"https:\/\/fatipli.com\/wp-content\/uploads\/2026\/02\/kapcs.jpg\" \/>\n\t<meta property=\"og:image:width\" content=\"1536\" \/>\n\t<meta property=\"og:image:height\" content=\"518\" \/>\n\t<meta property=\"og:image:type\" content=\"image\/jpeg\" \/>\n<meta name=\"twitter:card\" content=\"summary_large_image\" \/>\n<script type=\"application\/ld+json\" class=\"yoast-schema-graph\">{\"@context\":\"https:\\\/\\\/schema.org\",\"@graph\":[{\"@type\":\"WebPage\",\"@id\":\"https:\\\/\\\/fatipli.com\\\/index.php\\\/contact\\\/\",\"url\":\"https:\\\/\\\/fatipli.com\\\/index.php\\\/contact\\\/\",\"name\":\"Contact - Fatipli a gy\u00e1rt\u00f3t\u00f3l! | Fl\u00f3ra Faipari Kft.\",\"isPartOf\":{\"@id\":\"https:\\\/\\\/fatipli.com\\\/#website\"},\"primaryImageOfPage\":{\"@id\":\"https:\\\/\\\/fatipli.com\\\/index.php\\\/contact\\\/#primaryimage\"},\"image\":{\"@id\":\"https:\\\/\\\/fatipli.com\\\/index.php\\\/contact\\\/#primaryimage\"},\"thumbnailUrl\":\"https:\\\/\\\/fatipli.com\\\/wp-content\\\/uploads\\\/2026\\\/02\\\/kapcs.jpg\",\"datePublished\":\"2026-01-30T21:57:57+00:00\",\"dateModified\":\"2026-02-11T20:16:23+00:00\",\"breadcrumb\":{\"@id\":\"https:\\\/\\\/fatipli.com\\\/index.php\\\/contact\\\/#breadcrumb\"},\"inLanguage\":\"hu\",\"potentialAction\":[{\"@type\":\"ReadAction\",\"target\":[\"https:\\\/\\\/fatipli.com\\\/index.php\\\/contact\\\/\"]}]},{\"@type\":\"ImageObject\",\"inLanguage\":\"hu\",\"@id\":\"https:\\\/\\\/fatipli.com\\\/index.php\\\/contact\\\/#primaryimage\",\"url\":\"https:\\\/\\\/fatipli.com\\\/wp-content\\\/uploads\\\/2026\\\/02\\\/kapcs.jpg\",\"contentUrl\":\"https:\\\/\\\/fatipli.com\\\/wp-content\\\/uploads\\\/2026\\\/02\\\/kapcs.jpg\",\"width\":1536,\"height\":518},{\"@type\":\"BreadcrumbList\",\"@id\":\"https:\\\/\\\/fatipli.com\\\/index.php\\\/contact\\\/#breadcrumb\",\"itemListElement\":[{\"@type\":\"ListItem\",\"position\":1,\"name\":\"Kezd\u0151lap\",\"item\":\"https:\\\/\\\/fatipli.com\\\/\"},{\"@type\":\"ListItem\",\"position\":2,\"name\":\"Contact\"}]},{\"@type\":\"WebSite\",\"@id\":\"https:\\\/\\\/fatipli.com\\\/#website\",\"url\":\"https:\\\/\\\/fatipli.com\\\/\",\"name\":\"Fatipli a gy\u00e1rt\u00f3t\u00f3l! | Fl\u00f3ra Faipari Kft.\",\"description\":\"Faipari term\u00e9kek egyenesen a gy\u00e1rt\u00f3t\u00f3l. Fatipli, \u00c1gyr\u00e1cs\",\"publisher\":{\"@id\":\"https:\\\/\\\/fatipli.com\\\/#organization\"},\"potentialAction\":[{\"@type\":\"SearchAction\",\"target\":{\"@type\":\"EntryPoint\",\"urlTemplate\":\"https:\\\/\\\/fatipli.com\\\/?s={search_term_string}\"},\"query-input\":{\"@type\":\"PropertyValueSpecification\",\"valueRequired\":true,\"valueName\":\"search_term_string\"}}],\"inLanguage\":\"hu\"},{\"@type\":\"Organization\",\"@id\":\"https:\\\/\\\/fatipli.com\\\/#organization\",\"name\":\"Fatipli a gy\u00e1rt\u00f3t\u00f3l! | Fl\u00f3ra Faipari Kft.\",\"url\":\"https:\\\/\\\/fatipli.com\\\/\",\"logo\":{\"@type\":\"ImageObject\",\"inLanguage\":\"hu\",\"@id\":\"https:\\\/\\\/fatipli.com\\\/#\\\/schema\\\/logo\\\/image\\\/\",\"url\":\"https:\\\/\\\/fatipli.com\\\/wp-content\\\/uploads\\\/2026\\\/01\\\/logoo-1.png\",\"contentUrl\":\"https:\\\/\\\/fatipli.com\\\/wp-content\\\/uploads\\\/2026\\\/01\\\/logoo-1.png\",\"width\":880,\"height\":880,\"caption\":\"Fatipli a gy\u00e1rt\u00f3t\u00f3l! | Fl\u00f3ra Faipari Kft.\"},\"image\":{\"@id\":\"https:\\\/\\\/fatipli.com\\\/#\\\/schema\\\/logo\\\/image\\\/\"}}]}<\/script>\n<!-- \/ Yoast SEO Premium plugin. -->","yoast_head_json":{"title":"Contact - Fatipli a gy\u00e1rt\u00f3t\u00f3l! | Fl\u00f3ra Faipari Kft.","robots":{"index":"index","follow":"follow","max-snippet":"max-snippet:-1","max-image-preview":"max-image-preview:large","max-video-preview":"max-video-preview:-1"},"canonical":"https:\/\/fatipli.com\/index.php\/contact\/","og_locale":"hu_HU","og_type":"article","og_title":"Contact","og_description":"K\u00edn\u00e1latunkban kiz\u00e1r\u00f3lag term\u00e9szetesen sz\u00e1radt \u00e9s m\u0171 sz\u00e1r\u00edtott faanyagokat tal\u00e1l L\u00e9pjen vel\u00fcnk kapcsolatba \u00dajhatvani fatelep. \u00dcgyvezet\u0151 0620\/961-3089 flora1@hu.inter.net \u00dcgyint\u00e9z\u0151: 0620\/508-6466 0637\/341-637 C\u00edm 3000 Hatvan, Nagytelek utca 14. Nyitvatart\u00e1s H\u00e9tf\u0151t\u0151l-P\u00e9tekig 07:30-16:00-ig Szombat: 08:00-12:00-ig Vas\u00e1rnap: Z\u00e1rva \u00dajhatvani Fatelep &#8211; Fl\u00f3ra Faipari Kft.","og_url":"https:\/\/fatipli.com\/index.php\/contact\/","og_site_name":"Fatipli a gy\u00e1rt\u00f3t\u00f3l! | Fl\u00f3ra Faipari Kft.","article_modified_time":"2026-02-11T20:16:23+00:00","og_image":[{"width":1536,"height":518,"url":"https:\/\/fatipli.com\/wp-content\/uploads\/2026\/02\/kapcs.jpg","type":"image\/jpeg"}],"twitter_card":"summary_large_image","schema":{"@context":"https:\/\/schema.org","@graph":[{"@type":"WebPage","@id":"https:\/\/fatipli.com\/index.php\/contact\/","url":"https:\/\/fatipli.com\/index.php\/contact\/","name":"Contact - Fatipli a gy\u00e1rt\u00f3t\u00f3l! | Fl\u00f3ra Faipari Kft.","isPartOf":{"@id":"https:\/\/fatipli.com\/#website"},"primaryImageOfPage":{"@id":"https:\/\/fatipli.com\/index.php\/contact\/#primaryimage"},"image":{"@id":"https:\/\/fatipli.com\/index.php\/contact\/#primaryimage"},"thumbnailUrl":"https:\/\/fatipli.com\/wp-content\/uploads\/2026\/02\/kapcs.jpg","datePublished":"2026-01-30T21:57:57+00:00","dateModified":"2026-02-11T20:16:23+00:00","breadcrumb":{"@id":"https:\/\/fatipli.com\/index.php\/contact\/#breadcrumb"},"inLanguage":"hu","potentialAction":[{"@type":"ReadAction","target":["https:\/\/fatipli.com\/index.php\/contact\/"]}]},{"@type":"ImageObject","inLanguage":"hu","@id":"https:\/\/fatipli.com\/index.php\/contact\/#primaryimage","url":"https:\/\/fatipli.com\/wp-content\/uploads\/2026\/02\/kapcs.jpg","contentUrl":"https:\/\/fatipli.com\/wp-content\/uploads\/2026\/02\/kapcs.jpg","width":1536,"height":518},{"@type":"BreadcrumbList","@id":"https:\/\/fatipli.com\/index.php\/contact\/#breadcrumb","itemListElement":[{"@type":"ListItem","position":1,"name":"Kezd\u0151lap","item":"https:\/\/fatipli.com\/"},{"@type":"ListItem","position":2,"name":"Contact"}]},{"@type":"WebSite","@id":"https:\/\/fatipli.com\/#website","url":"https:\/\/fatipli.com\/","name":"Fatipli a gy\u00e1rt\u00f3t\u00f3l! | Fl\u00f3ra Faipari Kft.","description":"Faipari term\u00e9kek egyenesen a gy\u00e1rt\u00f3t\u00f3l. Fatipli, \u00c1gyr\u00e1cs","publisher":{"@id":"https:\/\/fatipli.com\/#organization"},"potentialAction":[{"@type":"SearchAction","target":{"@type":"EntryPoint","urlTemplate":"https:\/\/fatipli.com\/?s={search_term_string}"},"query-input":{"@type":"PropertyValueSpecification","valueRequired":true,"valueName":"search_term_string"}}],"inLanguage":"hu"},{"@type":"Organization","@id":"https:\/\/fatipli.com\/#organization","name":"Fatipli a gy\u00e1rt\u00f3t\u00f3l! | Fl\u00f3ra Faipari Kft.","url":"https:\/\/fatipli.com\/","logo":{"@type":"ImageObject","inLanguage":"hu","@id":"https:\/\/fatipli.com\/#\/schema\/logo\/image\/","url":"https:\/\/fatipli.com\/wp-content\/uploads\/2026\/01\/logoo-1.png","contentUrl":"https:\/\/fatipli.com\/wp-content\/uploads\/2026\/01\/logoo-1.png","width":880,"height":880,"caption":"Fatipli a gy\u00e1rt\u00f3t\u00f3l! | Fl\u00f3ra Faipari Kft."},"image":{"@id":"https:\/\/fatipli.com\/#\/schema\/logo\/image\/"}}]}},"_links":{"self":[{"href":"https:\/\/fatipli.com\/index.php\/wp-json\/wp\/v2\/pages\/24","targetHints":{"allow":["GET"]}}],"collection":[{"href":"https:\/\/fatipli.com\/index.php\/wp-json\/wp\/v2\/pages"}],"about":[{"href":"https:\/\/fatipli.com\/index.php\/wp-json\/wp\/v2\/types\/page"}],"author":[{"embeddable":true,"href":"https:\/\/fatipli.com\/index.php\/wp-json\/wp\/v2\/users\/1"}],"replies":[{"embeddable":true,"href":"https:\/\/fatipli.com\/index.php\/wp-json\/wp\/v2\/comments?post=24"}],"version-history":[{"count":55,"href":"https:\/\/fatipli.com\/index.php\/wp-json\/wp\/v2\/pages\/24\/revisions"}],"predecessor-version":[{"id":1175,"href":"https:\/\/fatipli.com\/index.php\/wp-json\/wp\/v2\/pages\/24\/revisions\/1175"}],"wp:attachment":[{"href":"https:\/\/fatipli.com\/index.php\/wp-json\/wp\/v2\/media?parent=24"}],"curies":[{"name":"wp","href":"https:\/\/api.w.org\/{rel}","templated":true}]}}