{"id":274,"date":"2026-02-03T06:02:06","date_gmt":"2026-02-03T05:02:06","guid":{"rendered":"https:\/\/fatipli.com\/?page_id=274"},"modified":"2026-02-09T11:26:39","modified_gmt":"2026-02-09T10:26:39","slug":"rendeles","status":"publish","type":"page","link":"https:\/\/fatipli.com\/index.php\/rendeles\/","title":{"rendered":"Rendel\u00e9s"},"content":{"rendered":"\t\t<div data-elementor-type=\"wp-page\" data-elementor-id=\"274\" class=\"elementor elementor-274\" data-elementor-post-type=\"page\">\n\t\t\t\t<div class=\"elementor-element elementor-element-216a56b7 e-flex e-con-boxed e-con e-parent\" data-id=\"216a56b7\" data-element_type=\"container\" data-settings=\"{&quot;background_background&quot;:&quot;classic&quot;}\">\n\t\t\t\t\t<div class=\"e-con-inner\">\n\t\t\t\t<div class=\"elementor-element elementor-element-64f172b0 elementor-widget elementor-widget-heading\" data-id=\"64f172b0\" data-element_type=\"widget\" data-widget_type=\"heading.default\">\n\t\t\t\t\t<h1 class=\"elementor-heading-title elementor-size-default\">Rendel\u00e9s - sz\u00e1ll\u00edt\u00e1s<\/h1>\t\t\t\t<\/div>\n\t\t\t\t\t<\/div>\n\t\t\t\t<\/div>\n\t\t<div class=\"elementor-element elementor-element-0a28ab6 e-flex e-con-boxed e-con e-parent\" data-id=\"0a28ab6\" data-element_type=\"container\">\n\t\t\t\t\t<div class=\"e-con-inner\">\n\t\t\t\t<div class=\"elementor-element elementor-element-549b033 elementor-widget elementor-widget-text-editor\" data-id=\"549b033\" data-element_type=\"widget\" data-widget_type=\"text-editor.default\">\n\t\t\t\t\t\t\t\t\t<table border=\"0\" width=\"980\" cellspacing=\"0\" cellpadding=\"0\"><tbody><tr><td width=\"900\"><p align=\"justify\"><b><span style=\"font-family: Calibri;\">Rendel\u00e9s\u00e9t kiz\u00e1r\u00f3lag elektronikus lev\u00e9lben (e-mailben) tudja leadni\u00a0<\/span><span style=\"font-family: Calibri; font-size: medium;\">a\u00a0<\/span><span style=\"color: #663300; font-family: Calibri; font-size: medium;\"><a href=\"https:\/\/web.archive.org\/web\/20240413212310\/mailto:flora1@hu.inter.net\"><span style=\"color: #000000;\">flora1@hu.inter.net<\/span><\/a><\/span><span style=\"font-family: Calibri; font-size: medium;\">\u00a0<\/span><\/b><span style=\"font-family: Calibri; font-size: medium;\"><b>e-mail c\u00edmre.<\/b>\u00a0Az e-mail meg\u00e9rkez\u00e9se ut\u00e1n \u00fcgyint\u00e9z\u0151nk v\u00e1lasz e-mailben tudatja a rendel\u00e9s felv\u00e9tel\u00e9t, amennyiben sz\u00fcks\u00e9ges tov\u00e1bbi inform\u00e1ci\u00f3val szolg\u00e1l a megrendel\u0151 r\u00e9sz\u00e9re.<\/span><\/p><p align=\"justify\"><span style=\"font-weight: bold;\"><span style=\"font-family: Calibri;\">Szem\u00e9lyes v\u00e1s\u00e1rl\u00e1s eset\u00e9n az \u00e1ru \u00e9rt\u00e9k\u00e9nek kiegyenl\u00edt\u00e9se t\u00f6rt\u00e9nhet k\u00e9szp\u00e9nzzel (forintban), illetve bankk\u00e1rty\u00e1val egyar\u00e1nt.<\/span><\/span><\/p><p align=\"justify\"><span style=\"font-family: Calibri;\"><b>A megrendel\u00e9s kiegyenl\u00edt\u00e9s\u00e9re kiz\u00e1r\u00f3lag el\u0151re utal\u00e1ssal (banki utal\u00e1ssal) van lehet\u0151s\u00e9g<\/b>, melyet a\u00a0<b>HU21 10400528-50526965-87671003 HUF<\/b>\u00a0sz\u00e1nlasz\u00e1mra kell \u00e1tutalni.\u00a0<b>A megrendelt \u00e1ru, a megrendel\u00e9s p\u00e9nz\u00f6sszeg\u00e9nek meg\u00e9rkez\u00e9s\u00e9t k\u00f6vet\u0151en ker\u00fcl felad\u00e1sra.<\/b><\/span><\/p><p align=\"justify\"><span style=\"font-family: Calibri; font-size: medium;\">C\u00e9g\u00fcnk nem m\u0171k\u00f6dtet web\u00e1ruh\u00e1zat,\u00a0<b>weboldalunkon kereszt\u00fcl nincs lehet\u0151s\u00e9g rendel\u00e9s lead\u00e1s\u00e1ra!<\/b><\/span><\/p><p align=\"justify\"><span style=\"font-family: Calibri;\"><b>A megrendelt term\u00e9kek csomagol\u00e1s\u00e1nak d\u00edja 1800 Ft+\u00c1FA &#8211; 5000 Ft+\u00c1FA \/ csomag (m\u00e9rett\u0151l f\u00fcgg\u0151en).<\/b><\/span><\/p><p align=\"justify\"><b><span style=\"font-family: Calibri;\">A sz\u00e1mla ki\u00e1ll\u00edt\u00e1s\u00e1hoz ad\u00f3sz\u00e1m sz\u00fcks\u00e9ges.\u00a0<\/span><\/b><span style=\"font-family: Calibri;\">A belf\u00f6ldi v\u00e1llalkoz\u00e1s r\u00e9sz\u00e9re ki\u00e1ll\u00edtott sz\u00e1ml\u00e1n az ad\u00f3sz\u00e1mot minden esetben fel kell t\u00fcntetni. A vev\u0151 ad\u00f3sz\u00e1m\u00e1t a belf\u00f6ldi v\u00e1llalkoz\u00e1s r\u00e9sz\u00e9re ki\u00e1ll\u00edtott m\u00f3dos\u00edt\u00f3, \u00e9rv\u00e9nytelen\u00edt\u0151 sz\u00e1ml\u00e1n is szerepeltetni kell.<\/span><\/p><p align=\"justify\"><b><span style=\"font-family: Calibri;\">Szem\u00e9lyes \u00e1tv\u00e9telre telephely\u00fcnk\u00f6n van lehet\u0151s\u00e9g. H\u00e9tk\u00f6znap 07:30-16:00-ig, szombaton 08:00-12:00-ig. Vas\u00e1rnap z\u00e1rva tartunk.<\/span><\/b><\/p><p align=\"justify\"><b><span style=\"font-family: Calibri;\">A sz\u00e1ll\u00edt\u00e1s fut\u00e1rszolg\u00e1lattal t\u00f6rt\u00e9nik. A sz\u00e1ll\u00edt\u00e1s d\u00edj\u00e1r\u00f3l, a megrendelt minden esetben t\u00e1j\u00e9koztat\u00e1st kap \u00fcgyint\u00e9z\u0151nkt\u0151l.<\/span><\/b><\/p><\/td><\/tr><\/tbody><\/table>\t\t\t\t\t\t\t\t<\/div>\n\t\t\t\t<div class=\"elementor-element elementor-element-79fc3d1 elementor-widget elementor-widget-text-editor\" data-id=\"79fc3d1\" data-element_type=\"widget\" data-widget_type=\"text-editor.default\">\n\t\t\t\t\t\t\t\t\t<p data-start=\"128\" data-end=\"150\"><strong data-start=\"128\" data-end=\"150\">Megrendel\u00e9s menete<\/strong><\/p><p data-start=\"152\" data-end=\"431\">Rendel\u00e9s\u00e9t kiz\u00e1r\u00f3lag elektronikus lev\u00e9lben (e-mailben) tudja leadni a <strong data-start=\"222\" data-end=\"245\"><a class=\"decorated-link cursor-pointer\" rel=\"noopener\" data-start=\"224\" data-end=\"243\">flora1@hu.inter.net<\/a><\/strong> e-mail c\u00edmre.<br data-start=\"259\" data-end=\"262\" \/>Az e-mail be\u00e9rkez\u00e9s\u00e9t k\u00f6vet\u0151en \u00fcgyint\u00e9z\u0151nk v\u00e1lasz e-mailben visszaigazolja a rendel\u00e9s r\u00f6gz\u00edt\u00e9s\u00e9t, valamint sz\u00fcks\u00e9g eset\u00e9n tov\u00e1bbi inform\u00e1ci\u00f3t ny\u00fajt a megrendel\u0151 r\u00e9sz\u00e9re.<\/p><p data-start=\"433\" data-end=\"457\"><strong data-start=\"433\" data-end=\"457\">Fizet\u00e9si lehet\u0151s\u00e9gek<\/strong><\/p><p data-start=\"459\" data-end=\"688\">Szem\u00e9lyes v\u00e1s\u00e1rl\u00e1s eset\u00e9n az \u00e1ru ellen\u00e9rt\u00e9ke kiegyenl\u00edthet\u0151 k\u00e9szp\u00e9nzzel (forintban), illetve bankk\u00e1rty\u00e1val is.<br data-start=\"569\" data-end=\"572\" \/>El\u0151rendel\u00e9s eset\u00e9n a fizet\u00e9s kiz\u00e1r\u00f3lag <strong data-start=\"611\" data-end=\"650\">el\u0151re utal\u00e1ssal (banki \u00e1tutal\u00e1ssal)<\/strong> t\u00f6rt\u00e9nik, az al\u00e1bbi banksz\u00e1mlasz\u00e1mra:<\/p><p data-start=\"690\" data-end=\"731\"><strong data-start=\"690\" data-end=\"731\">HU21 10400528-50526965-87671003 (HUF)<\/strong><\/p><p data-start=\"733\" data-end=\"815\">A megrendelt term\u00e9kek felad\u00e1sa a teljes v\u00e9tel\u00e1r be\u00e9rkez\u00e9s\u00e9t k\u00f6vet\u0151en t\u00f6rt\u00e9nik meg.<\/p><p data-start=\"817\" data-end=\"830\"><strong data-start=\"817\" data-end=\"830\">Web\u00e1ruh\u00e1z<\/strong><\/p><p data-start=\"832\" data-end=\"925\">C\u00e9g\u00fcnk nem \u00fczemeltet web\u00e1ruh\u00e1zat, weboldalunkon kereszt\u00fcl rendel\u00e9s lead\u00e1s\u00e1ra nincs lehet\u0151s\u00e9g.<\/p><p data-start=\"927\" data-end=\"946\"><strong data-start=\"927\" data-end=\"946\">Csomagol\u00e1si d\u00edj<\/strong><\/p><p data-start=\"948\" data-end=\"1065\">A megrendelt term\u00e9kek csomagol\u00e1s\u00e1nak d\u00edja<br data-start=\"989\" data-end=\"992\" \/><strong data-start=\"992\" data-end=\"1036\">1 800 Ft + \u00c1FA \u2013 5 000 Ft + \u00c1FA \/ csomag<\/strong>, a csomag m\u00e9ret\u00e9t\u0151l f\u00fcgg\u0151en.<\/p><p data-start=\"1067\" data-end=\"1080\"><strong data-start=\"1067\" data-end=\"1080\">Sz\u00e1ml\u00e1z\u00e1s<\/strong><\/p><p data-start=\"1082\" data-end=\"1285\">A sz\u00e1mla ki\u00e1ll\u00edt\u00e1s\u00e1hoz <strong data-start=\"1105\" data-end=\"1135\">ad\u00f3sz\u00e1m megad\u00e1sa sz\u00fcks\u00e9ges<\/strong>.<br data-start=\"1136\" data-end=\"1139\" \/>Belf\u00f6ldi v\u00e1llalkoz\u00e1s r\u00e9sz\u00e9re ki\u00e1ll\u00edtott sz\u00e1ml\u00e1n \u2013 valamint m\u00f3dos\u00edt\u00f3 vagy \u00e9rv\u00e9nytelen\u00edt\u0151 sz\u00e1ml\u00e1n \u2013 az ad\u00f3sz\u00e1m felt\u00fcntet\u00e9se minden esetben k\u00f6telez\u0151.<\/p><p data-start=\"1287\" data-end=\"1308\"><strong data-start=\"1287\" data-end=\"1308\">Szem\u00e9lyes \u00e1tv\u00e9tel<\/strong><\/p><p data-start=\"1310\" data-end=\"1379\">Szem\u00e9lyes \u00e1tv\u00e9tel telephely\u00fcnk\u00f6n az al\u00e1bbi id\u0151pontokban lehets\u00e9ges:<\/p><ul data-start=\"1380\" data-end=\"1452\"><li data-start=\"1380\" data-end=\"1409\"><p data-start=\"1382\" data-end=\"1409\">H\u00e9tf\u0151\u2013p\u00e9ntek: 07:30\u201316:00<\/p><\/li><li data-start=\"1410\" data-end=\"1434\"><p data-start=\"1412\" data-end=\"1434\">Szombat: 08:00\u201312:00<\/p><\/li><li data-start=\"1435\" data-end=\"1452\"><p data-start=\"1437\" data-end=\"1452\">Vas\u00e1rnap: z\u00e1rva<\/p><\/li><\/ul><p data-start=\"1454\" data-end=\"1467\"><strong data-start=\"1454\" data-end=\"1467\">Sz\u00e1ll\u00edt\u00e1s<\/strong><\/p><p data-start=\"1469\" data-end=\"1620\">A sz\u00e1ll\u00edt\u00e1s fut\u00e1rszolg\u00e1lattal t\u00f6rt\u00e9nik.<br data-start=\"1508\" data-end=\"1511\" \/>A sz\u00e1ll\u00edt\u00e1s pontos d\u00edj\u00e1r\u00f3l \u00e9s felt\u00e9teleir\u0151l \u00fcgyint\u00e9z\u0151nk minden esetben el\u0151zetesen t\u00e1j\u00e9koztatja a megrendel\u0151t.<\/p><p>\u00a0<\/p>\t\t\t\t\t\t\t\t<\/div>\n\t\t\t\t\t<\/div>\n\t\t\t\t<\/div>\n\t\t\t\t<\/div>\n\t\t","protected":false},"excerpt":{"rendered":"<p>Rendel\u00e9s &#8211; sz\u00e1ll\u00edt\u00e1s Rendel\u00e9s\u00e9t kiz\u00e1r\u00f3lag elektronikus lev\u00e9lben (e-mailben) tudja leadni\u00a0a\u00a0flora1@hu.inter.net\u00a0e-mail c\u00edmre.\u00a0Az e-mail meg\u00e9rkez\u00e9se ut\u00e1n \u00fcgyint\u00e9z\u0151nk v\u00e1lasz e-mailben tudatja a rendel\u00e9s felv\u00e9tel\u00e9t, amennyiben sz\u00fcks\u00e9ges tov\u00e1bbi inform\u00e1ci\u00f3val szolg\u00e1l a megrendel\u0151 r\u00e9sz\u00e9re. Szem\u00e9lyes v\u00e1s\u00e1rl\u00e1s eset\u00e9n az \u00e1ru \u00e9rt\u00e9k\u00e9nek kiegyenl\u00edt\u00e9se t\u00f6rt\u00e9nhet k\u00e9szp\u00e9nzzel (forintban), illetve bankk\u00e1rty\u00e1val egyar\u00e1nt. A megrendel\u00e9s kiegyenl\u00edt\u00e9s\u00e9re kiz\u00e1r\u00f3lag el\u0151re utal\u00e1ssal (banki utal\u00e1ssal) van lehet\u0151s\u00e9g, melyet a\u00a0HU21 10400528-50526965-87671003 [&hellip;]<\/p>\n","protected":false},"author":1,"featured_media":0,"parent":0,"menu_order":0,"comment_status":"closed","ping_status":"closed","template":"","meta":{"footnotes":""},"class_list":["post-274","page","type-page","status-publish","hentry"],"yoast_head":"<!-- This site is optimized with the Yoast SEO Premium plugin v27.4 (Yoast SEO v27.4) - https:\/\/yoast.com\/product\/yoast-seo-premium-wordpress\/ -->\n<title>Rendel\u00e9s - Fatipli a gy\u00e1rt\u00f3t\u00f3l! | Fl\u00f3ra Faipari Kft.<\/title>\n<meta name=\"robots\" content=\"index, follow, max-snippet:-1, max-image-preview:large, max-video-preview:-1\" \/>\n<link rel=\"canonical\" href=\"https:\/\/fatipli.com\/index.php\/rendeles\/\" \/>\n<meta property=\"og:locale\" content=\"hu_HU\" \/>\n<meta property=\"og:type\" content=\"article\" \/>\n<meta property=\"og:title\" content=\"Rendel\u00e9s\" \/>\n<meta property=\"og:description\" content=\"Rendel\u00e9s &#8211; sz\u00e1ll\u00edt\u00e1s Rendel\u00e9s\u00e9t kiz\u00e1r\u00f3lag elektronikus lev\u00e9lben (e-mailben) tudja leadni\u00a0a\u00a0flora1@hu.inter.net\u00a0e-mail c\u00edmre.\u00a0Az e-mail meg\u00e9rkez\u00e9se ut\u00e1n \u00fcgyint\u00e9z\u0151nk v\u00e1lasz e-mailben tudatja a rendel\u00e9s felv\u00e9tel\u00e9t, amennyiben sz\u00fcks\u00e9ges tov\u00e1bbi inform\u00e1ci\u00f3val szolg\u00e1l a megrendel\u0151 r\u00e9sz\u00e9re. Szem\u00e9lyes v\u00e1s\u00e1rl\u00e1s eset\u00e9n az \u00e1ru \u00e9rt\u00e9k\u00e9nek kiegyenl\u00edt\u00e9se t\u00f6rt\u00e9nhet k\u00e9szp\u00e9nzzel (forintban), illetve bankk\u00e1rty\u00e1val egyar\u00e1nt. A megrendel\u00e9s kiegyenl\u00edt\u00e9s\u00e9re kiz\u00e1r\u00f3lag el\u0151re utal\u00e1ssal (banki utal\u00e1ssal) van lehet\u0151s\u00e9g, melyet a\u00a0HU21 10400528-50526965-87671003 [&hellip;]\" \/>\n<meta property=\"og:url\" content=\"https:\/\/fatipli.com\/index.php\/rendeles\/\" \/>\n<meta property=\"og:site_name\" content=\"Fatipli a gy\u00e1rt\u00f3t\u00f3l! | Fl\u00f3ra Faipari Kft.\" \/>\n<meta property=\"article:modified_time\" content=\"2026-02-09T10:26:39+00:00\" \/>\n<meta name=\"twitter:card\" content=\"summary_large_image\" \/>\n<meta name=\"twitter:label1\" content=\"Becs\u00fclt olvas\u00e1si id\u0151\" \/>\n\t<meta name=\"twitter:data1\" content=\"3 perc\" \/>\n<script type=\"application\/ld+json\" class=\"yoast-schema-graph\">{\"@context\":\"https:\\\/\\\/schema.org\",\"@graph\":[{\"@type\":\"WebPage\",\"@id\":\"https:\\\/\\\/fatipli.com\\\/index.php\\\/rendeles\\\/\",\"url\":\"https:\\\/\\\/fatipli.com\\\/index.php\\\/rendeles\\\/\",\"name\":\"Rendel\u00e9s - Fatipli a gy\u00e1rt\u00f3t\u00f3l! | Fl\u00f3ra Faipari Kft.\",\"isPartOf\":{\"@id\":\"https:\\\/\\\/fatipli.com\\\/#website\"},\"datePublished\":\"2026-02-03T05:02:06+00:00\",\"dateModified\":\"2026-02-09T10:26:39+00:00\",\"breadcrumb\":{\"@id\":\"https:\\\/\\\/fatipli.com\\\/index.php\\\/rendeles\\\/#breadcrumb\"},\"inLanguage\":\"hu\",\"potentialAction\":[{\"@type\":\"ReadAction\",\"target\":[\"https:\\\/\\\/fatipli.com\\\/index.php\\\/rendeles\\\/\"]}]},{\"@type\":\"BreadcrumbList\",\"@id\":\"https:\\\/\\\/fatipli.com\\\/index.php\\\/rendeles\\\/#breadcrumb\",\"itemListElement\":[{\"@type\":\"ListItem\",\"position\":1,\"name\":\"Kezd\u0151lap\",\"item\":\"https:\\\/\\\/fatipli.com\\\/\"},{\"@type\":\"ListItem\",\"position\":2,\"name\":\"Rendel\u00e9s\"}]},{\"@type\":\"WebSite\",\"@id\":\"https:\\\/\\\/fatipli.com\\\/#website\",\"url\":\"https:\\\/\\\/fatipli.com\\\/\",\"name\":\"Fatipli a gy\u00e1rt\u00f3t\u00f3l! | Fl\u00f3ra Faipari Kft.\",\"description\":\"Faipari term\u00e9kek egyenesen a gy\u00e1rt\u00f3t\u00f3l. Fatipli, \u00c1gyr\u00e1cs\",\"publisher\":{\"@id\":\"https:\\\/\\\/fatipli.com\\\/#organization\"},\"potentialAction\":[{\"@type\":\"SearchAction\",\"target\":{\"@type\":\"EntryPoint\",\"urlTemplate\":\"https:\\\/\\\/fatipli.com\\\/?s={search_term_string}\"},\"query-input\":{\"@type\":\"PropertyValueSpecification\",\"valueRequired\":true,\"valueName\":\"search_term_string\"}}],\"inLanguage\":\"hu\"},{\"@type\":\"Organization\",\"@id\":\"https:\\\/\\\/fatipli.com\\\/#organization\",\"name\":\"Fatipli a gy\u00e1rt\u00f3t\u00f3l! | Fl\u00f3ra Faipari Kft.\",\"url\":\"https:\\\/\\\/fatipli.com\\\/\",\"logo\":{\"@type\":\"ImageObject\",\"inLanguage\":\"hu\",\"@id\":\"https:\\\/\\\/fatipli.com\\\/#\\\/schema\\\/logo\\\/image\\\/\",\"url\":\"https:\\\/\\\/fatipli.com\\\/wp-content\\\/uploads\\\/2026\\\/01\\\/logoo-1.png\",\"contentUrl\":\"https:\\\/\\\/fatipli.com\\\/wp-content\\\/uploads\\\/2026\\\/01\\\/logoo-1.png\",\"width\":880,\"height\":880,\"caption\":\"Fatipli a gy\u00e1rt\u00f3t\u00f3l! | Fl\u00f3ra Faipari Kft.\"},\"image\":{\"@id\":\"https:\\\/\\\/fatipli.com\\\/#\\\/schema\\\/logo\\\/image\\\/\"}}]}<\/script>\n<!-- \/ Yoast SEO Premium plugin. -->","yoast_head_json":{"title":"Rendel\u00e9s - Fatipli a gy\u00e1rt\u00f3t\u00f3l! | Fl\u00f3ra Faipari Kft.","robots":{"index":"index","follow":"follow","max-snippet":"max-snippet:-1","max-image-preview":"max-image-preview:large","max-video-preview":"max-video-preview:-1"},"canonical":"https:\/\/fatipli.com\/index.php\/rendeles\/","og_locale":"hu_HU","og_type":"article","og_title":"Rendel\u00e9s","og_description":"Rendel\u00e9s &#8211; sz\u00e1ll\u00edt\u00e1s Rendel\u00e9s\u00e9t kiz\u00e1r\u00f3lag elektronikus lev\u00e9lben (e-mailben) tudja leadni\u00a0a\u00a0flora1@hu.inter.net\u00a0e-mail c\u00edmre.\u00a0Az e-mail meg\u00e9rkez\u00e9se ut\u00e1n \u00fcgyint\u00e9z\u0151nk v\u00e1lasz e-mailben tudatja a rendel\u00e9s felv\u00e9tel\u00e9t, amennyiben sz\u00fcks\u00e9ges tov\u00e1bbi inform\u00e1ci\u00f3val szolg\u00e1l a megrendel\u0151 r\u00e9sz\u00e9re. Szem\u00e9lyes v\u00e1s\u00e1rl\u00e1s eset\u00e9n az \u00e1ru \u00e9rt\u00e9k\u00e9nek kiegyenl\u00edt\u00e9se t\u00f6rt\u00e9nhet k\u00e9szp\u00e9nzzel (forintban), illetve bankk\u00e1rty\u00e1val egyar\u00e1nt. A megrendel\u00e9s kiegyenl\u00edt\u00e9s\u00e9re kiz\u00e1r\u00f3lag el\u0151re utal\u00e1ssal (banki utal\u00e1ssal) van lehet\u0151s\u00e9g, melyet a\u00a0HU21 10400528-50526965-87671003 [&hellip;]","og_url":"https:\/\/fatipli.com\/index.php\/rendeles\/","og_site_name":"Fatipli a gy\u00e1rt\u00f3t\u00f3l! | Fl\u00f3ra Faipari Kft.","article_modified_time":"2026-02-09T10:26:39+00:00","twitter_card":"summary_large_image","twitter_misc":{"Becs\u00fclt olvas\u00e1si id\u0151":"3 perc"},"schema":{"@context":"https:\/\/schema.org","@graph":[{"@type":"WebPage","@id":"https:\/\/fatipli.com\/index.php\/rendeles\/","url":"https:\/\/fatipli.com\/index.php\/rendeles\/","name":"Rendel\u00e9s - Fatipli a gy\u00e1rt\u00f3t\u00f3l! | Fl\u00f3ra Faipari Kft.","isPartOf":{"@id":"https:\/\/fatipli.com\/#website"},"datePublished":"2026-02-03T05:02:06+00:00","dateModified":"2026-02-09T10:26:39+00:00","breadcrumb":{"@id":"https:\/\/fatipli.com\/index.php\/rendeles\/#breadcrumb"},"inLanguage":"hu","potentialAction":[{"@type":"ReadAction","target":["https:\/\/fatipli.com\/index.php\/rendeles\/"]}]},{"@type":"BreadcrumbList","@id":"https:\/\/fatipli.com\/index.php\/rendeles\/#breadcrumb","itemListElement":[{"@type":"ListItem","position":1,"name":"Kezd\u0151lap","item":"https:\/\/fatipli.com\/"},{"@type":"ListItem","position":2,"name":"Rendel\u00e9s"}]},{"@type":"WebSite","@id":"https:\/\/fatipli.com\/#website","url":"https:\/\/fatipli.com\/","name":"Fatipli a gy\u00e1rt\u00f3t\u00f3l! | Fl\u00f3ra Faipari Kft.","description":"Faipari term\u00e9kek egyenesen a gy\u00e1rt\u00f3t\u00f3l. Fatipli, \u00c1gyr\u00e1cs","publisher":{"@id":"https:\/\/fatipli.com\/#organization"},"potentialAction":[{"@type":"SearchAction","target":{"@type":"EntryPoint","urlTemplate":"https:\/\/fatipli.com\/?s={search_term_string}"},"query-input":{"@type":"PropertyValueSpecification","valueRequired":true,"valueName":"search_term_string"}}],"inLanguage":"hu"},{"@type":"Organization","@id":"https:\/\/fatipli.com\/#organization","name":"Fatipli a gy\u00e1rt\u00f3t\u00f3l! | Fl\u00f3ra Faipari Kft.","url":"https:\/\/fatipli.com\/","logo":{"@type":"ImageObject","inLanguage":"hu","@id":"https:\/\/fatipli.com\/#\/schema\/logo\/image\/","url":"https:\/\/fatipli.com\/wp-content\/uploads\/2026\/01\/logoo-1.png","contentUrl":"https:\/\/fatipli.com\/wp-content\/uploads\/2026\/01\/logoo-1.png","width":880,"height":880,"caption":"Fatipli a gy\u00e1rt\u00f3t\u00f3l! | Fl\u00f3ra Faipari Kft."},"image":{"@id":"https:\/\/fatipli.com\/#\/schema\/logo\/image\/"}}]}},"_links":{"self":[{"href":"https:\/\/fatipli.com\/index.php\/wp-json\/wp\/v2\/pages\/274","targetHints":{"allow":["GET"]}}],"collection":[{"href":"https:\/\/fatipli.com\/index.php\/wp-json\/wp\/v2\/pages"}],"about":[{"href":"https:\/\/fatipli.com\/index.php\/wp-json\/wp\/v2\/types\/page"}],"author":[{"embeddable":true,"href":"https:\/\/fatipli.com\/index.php\/wp-json\/wp\/v2\/users\/1"}],"replies":[{"embeddable":true,"href":"https:\/\/fatipli.com\/index.php\/wp-json\/wp\/v2\/comments?post=274"}],"version-history":[{"count":19,"href":"https:\/\/fatipli.com\/index.php\/wp-json\/wp\/v2\/pages\/274\/revisions"}],"predecessor-version":[{"id":897,"href":"https:\/\/fatipli.com\/index.php\/wp-json\/wp\/v2\/pages\/274\/revisions\/897"}],"wp:attachment":[{"href":"https:\/\/fatipli.com\/index.php\/wp-json\/wp\/v2\/media?parent=274"}],"curies":[{"name":"wp","href":"https:\/\/api.w.org\/{rel}","templated":true}]}}